{"id":266,"date":"2021-08-25T15:24:45","date_gmt":"2021-08-25T13:24:45","guid":{"rendered":"http:\/\/solution-cashless.com\/?page_id=266"},"modified":"2021-09-02T12:01:14","modified_gmt":"2021-09-02T10:01:14","slug":"la-centralisation-des-recettes","status":"publish","type":"page","link":"https:\/\/solution-cashless.com\/index.php\/la-centralisation-des-recettes\/","title":{"rendered":"La centralisation des recettes"},"content":{"rendered":"\t\t<div data-elementor-type=\"wp-page\" data-elementor-id=\"266\" class=\"elementor elementor-266\" data-elementor-settings=\"[]\">\n\t\t\t\t\t\t\t<div class=\"elementor-section-wrap\">\n\t\t\t\t\t\t\t<section class=\"elementor-section elementor-top-section elementor-element elementor-element-8c9a9f3 elementor-section-full_width elementor-section-content-middle elementor-section-stretched elementor-section-height-full elementor-section-height-default elementor-section-items-middle\" data-id=\"8c9a9f3\" data-element_type=\"section\" data-settings=\"{&quot;stretch_section&quot;:&quot;section-stretched&quot;,&quot;background_background&quot;:&quot;classic&quot;}\">\n\t\t\t\t\t\t\t<div class=\"elementor-background-overlay\"><\/div>\n\t\t\t\t\t\t\t<div class=\"elementor-container elementor-column-gap-default\">\n\t\t\t\t\t<div class=\"elementor-column elementor-col-100 elementor-top-column elementor-element elementor-element-2ae18f5\" data-id=\"2ae18f5\" data-element_type=\"column\">\n\t\t\t<div class=\"elementor-widget-wrap elementor-element-populated\">\n\t\t\t\t\t\t\t\t<div class=\"elementor-element elementor-element-2d218e6 elementor-widget elementor-widget-heading\" data-id=\"2d218e6\" data-element_type=\"widget\" data-widget_type=\"heading.default\">\n\t\t\t\t<div class=\"elementor-widget-container\">\n\t\t\t<h6 class=\"elementor-heading-title elementor-size-default\">La centralisation des recettes<\/h6>\t\t<\/div>\n\t\t\t\t<\/div>\n\t\t\t\t<div class=\"elementor-element elementor-element-7faa1ed9 elementor-widget elementor-widget-heading\" data-id=\"7faa1ed9\" data-element_type=\"widget\" data-widget_type=\"heading.default\">\n\t\t\t\t<div class=\"elementor-widget-container\">\n\t\t\t<h2 class=\"elementor-heading-title elementor-size-large\"><p>Il est important de rassurer les organisateurs quant \u00e0 l'utilisation d'une solution cashless. <b style=\"font-size: inherit; text-align: inherit; letter-spacing: -0.0415625em;\">Rappelons d'abord que ce syst\u00e8me, de plus en plus utilis\u00e9 par les organisateurs en France et \u00e0 l'International, est une solution de paiement d\u00e9mat\u00e9rialis\u00e9e. <\/b><span style=\"font-size: inherit; text-align: inherit; letter-spacing: -0.0415625em;\">De fait, les \u00e9v\u00e9nements mettent peu \u00e0 peu de c\u00f4t\u00e9 le paiement en esp\u00e8ces, voire en carte bancaire.&nbsp;<\/span><span style=\"font-size: inherit; text-align: inherit; letter-spacing: -0.0415625em;\">Lorsqu'un festivalier se prom\u00e8ne entre les diff\u00e9rents stands, il a la possibilit\u00e9 de consommer en utilisant un unique moyen de paiement, ce qui simplifie son exp\u00e9rience.<\/span><\/p><p><span style=\"letter-spacing: -0.0415625em; text-align: inherit;\"><\/span><\/p><\/h2>\t\t<\/div>\n\t\t\t\t<\/div>\n\t\t\t\t<div class=\"elementor-element elementor-element-f0f3f3b elementor-align-center elementor-widget elementor-widget-button\" data-id=\"f0f3f3b\" data-element_type=\"widget\" data-widget_type=\"button.default\">\n\t\t\t\t<div class=\"elementor-widget-container\">\n\t\t\t\t\t<div class=\"elementor-button-wrapper\">\n\t\t\t<a href=\"http:\/\/solution-cashless.com\/index.php\/histoire-du-cashless\/\" class=\"elementor-button-link elementor-button elementor-size-sm\" role=\"button\">\n\t\t\t\t\t\t<span class=\"elementor-button-content-wrapper\">\n\t\t\t\t\t\t<span class=\"elementor-button-text\">D\u00e9couvrez l'histoire du cashless<\/span>\n\t\t<\/span>\n\t\t\t\t\t<\/a>\n\t\t<\/div>\n\t\t\t\t<\/div>\n\t\t\t\t<\/div>\n\t\t\t\t\t<\/div>\n\t\t<\/div>\n\t\t\t\t\t\t\t<\/div>\n\t\t<\/section>\n\t\t\t\t<section class=\"elementor-section elementor-top-section elementor-element elementor-element-bd415b4 elementor-section-boxed elementor-section-height-default elementor-section-height-default\" data-id=\"bd415b4\" data-element_type=\"section\">\n\t\t\t\t\t\t<div class=\"elementor-container elementor-column-gap-default\">\n\t\t\t\t\t<div class=\"elementor-column elementor-col-100 elementor-top-column elementor-element elementor-element-77244fb\" data-id=\"77244fb\" data-element_type=\"column\">\n\t\t\t<div class=\"elementor-widget-wrap elementor-element-populated\">\n\t\t\t\t\t\t\t\t<div class=\"elementor-element elementor-element-225e9fa elementor-widget elementor-widget-heading\" data-id=\"225e9fa\" data-element_type=\"widget\" data-widget_type=\"heading.default\">\n\t\t\t\t<div class=\"elementor-widget-container\">\n\t\t\t<h2 class=\"elementor-heading-title elementor-size-default\">Les questions les plus souvent pos\u00e9es <\/h2>\t\t<\/div>\n\t\t\t\t<\/div>\n\t\t\t\t\t<\/div>\n\t\t<\/div>\n\t\t\t\t\t\t\t<\/div>\n\t\t<\/section>\n\t\t\t\t<section class=\"elementor-section elementor-top-section elementor-element elementor-element-57a60f8 elementor-section-boxed elementor-section-height-default elementor-section-height-default\" data-id=\"57a60f8\" data-element_type=\"section\">\n\t\t\t\t\t\t<div class=\"elementor-container elementor-column-gap-wide\">\n\t\t\t\t\t<div class=\"elementor-column elementor-col-50 elementor-top-column elementor-element elementor-element-fdbbc71\" data-id=\"fdbbc71\" data-element_type=\"column\">\n\t\t\t<div class=\"elementor-widget-wrap elementor-element-populated\">\n\t\t\t\t\t\t\t\t<div class=\"elementor-element elementor-element-3cfb44c elementor-widget elementor-widget-heading\" data-id=\"3cfb44c\" data-element_type=\"widget\" data-widget_type=\"heading.default\">\n\t\t\t\t<div class=\"elementor-widget-container\">\n\t\t\t<h4 class=\"elementor-heading-title elementor-size-default\">\"Mes vendeurs ne vont pas accepter de perdre le contr\u00f4le de leurs rentr\u00e9es d'argent\"<\/h4>\t\t<\/div>\n\t\t\t\t<\/div>\n\t\t\t\t<div class=\"elementor-element elementor-element-0f911ae elementor-widget elementor-widget-text-editor\" data-id=\"0f911ae\" data-element_type=\"widget\" data-widget_type=\"text-editor.default\">\n\t\t\t\t<div class=\"elementor-widget-container\">\n\t\t\t\t\t\t\t<p>Soyons clairs : ni le vendeur qui loue son espace sur le festival, ni l&#8217;organisateur de ce dernier, ne perdent le contr\u00f4le de leurs revenus.<\/p>\n<p><!-- wp:paragraph --> <!-- \/wp:paragraph --> <!-- wp:paragraph --> <!-- \/wp:paragraph --><\/p>\n<p>La chose qui change lors du passage \u00e0 une solution cashless, c&#8217;est la mani\u00e8re dont les paiements sont effectu\u00e9s. Donc, la somme d&#8217;argent \u00e9quivalente aux gains est directement revers\u00e9e aux vendeurs selon les clauses convenues.<\/p>\t\t\t\t\t\t<\/div>\n\t\t\t\t<\/div>\n\t\t\t\t\t<\/div>\n\t\t<\/div>\n\t\t\t\t<div class=\"elementor-column elementor-col-50 elementor-top-column elementor-element elementor-element-d486faf\" data-id=\"d486faf\" data-element_type=\"column\">\n\t\t\t<div class=\"elementor-widget-wrap elementor-element-populated\">\n\t\t\t\t\t\t\t\t<div class=\"elementor-element elementor-element-a4bded1 elementor-widget elementor-widget-heading\" data-id=\"a4bded1\" data-element_type=\"widget\" data-widget_type=\"heading.default\">\n\t\t\t\t<div class=\"elementor-widget-container\">\n\t\t\t<h4 class=\"elementor-heading-title elementor-size-default\">\"Je dois former tous mes vendeurs et prestataires, alors qu'ils sont habitu\u00e9s \u00e0 vendre avec leur propre syst\u00e8me\"<\/h4>\t\t<\/div>\n\t\t\t\t<\/div>\n\t\t\t\t<div class=\"elementor-element elementor-element-3899be9 elementor-widget elementor-widget-text-editor\" data-id=\"3899be9\" data-element_type=\"widget\" data-widget_type=\"text-editor.default\">\n\t\t\t\t<div class=\"elementor-widget-container\">\n\t\t\t\t\t\t\t<p>Les syst\u00e8mes cashless sont con\u00e7us pour \u00eatre tr\u00e8s faciles d&#8217;usage, quelque soit la soci\u00e9t\u00e9 qui le propose. En ce sens, la formation des b\u00e9n\u00e9voles ou employ\u00e9s dure rarement plus de quelques minutes. De plus, la plupart des solutions proposent des astreintes \u00e0 distance, voire se d\u00e9placent sur les \u00e9v\u00e9nements pour assister les organisateurs lors de la formation des op\u00e9rateurs.<\/p>\t\t\t\t\t\t<\/div>\n\t\t\t\t<\/div>\n\t\t\t\t\t<\/div>\n\t\t<\/div>\n\t\t\t\t\t\t\t<\/div>\n\t\t<\/section>\n\t\t\t\t<section class=\"elementor-section elementor-top-section elementor-element elementor-element-7e18d49 elementor-section-boxed elementor-section-height-default elementor-section-height-default\" data-id=\"7e18d49\" data-element_type=\"section\" data-settings=\"{&quot;background_background&quot;:&quot;classic&quot;}\">\n\t\t\t\t\t\t<div class=\"elementor-container elementor-column-gap-default\">\n\t\t\t\t\t<div class=\"elementor-column elementor-col-100 elementor-top-column elementor-element elementor-element-7013f86\" data-id=\"7013f86\" data-element_type=\"column\">\n\t\t\t<div class=\"elementor-widget-wrap elementor-element-populated\">\n\t\t\t\t\t\t\t\t<div class=\"elementor-element elementor-element-8432771 elementor-widget elementor-widget-heading\" data-id=\"8432771\" data-element_type=\"widget\" data-widget_type=\"heading.default\">\n\t\t\t\t<div class=\"elementor-widget-container\">\n\t\t\t<h4 class=\"elementor-heading-title elementor-size-default\">Pensez par exemple \u00e0 un vendeur de hot dogs. <\/h4>\t\t<\/div>\n\t\t\t\t<\/div>\n\t\t\t\t<div class=\"elementor-element elementor-element-d591044 elementor-widget elementor-widget-text-editor\" data-id=\"d591044\" data-element_type=\"widget\" data-widget_type=\"text-editor.default\">\n\t\t\t\t<div class=\"elementor-widget-container\">\n\t\t\t\t\t\t\t<p>Ce dernier a lou\u00e9 son emplacement sur un festival, et r\u00e9cup\u00e8re l&#8217;int\u00e9gralit\u00e9 de ses revenus.<\/p>\n<p>Dans le syst\u00e8me de l&#8217;organisateur, cette information est notifi\u00e9e. En clair, les recettes de chaque stand, voire de chaque produit, sont s\u00e9par\u00e9es. Il n&#8217;y a plus qu&#8217;\u00e0 faire la transaction pour reverser au vendeur de hot dogs ce qui lui revient.<\/p>\t\t\t\t\t\t<\/div>\n\t\t\t\t<\/div>\n\t\t\t\t<div class=\"elementor-element elementor-element-4300d28 elementor-widget elementor-widget-text-editor\" data-id=\"4300d28\" data-element_type=\"widget\" data-widget_type=\"text-editor.default\">\n\t\t\t\t<div class=\"elementor-widget-container\">\n\t\t\t\t\t\t\t<p>Le cashless: une solution rentable ?<\/p>\t\t\t\t\t\t<\/div>\n\t\t\t\t<\/div>\n\t\t\t\t<div class=\"elementor-element elementor-element-e270201 elementor-align-center elementor-widget elementor-widget-button\" data-id=\"e270201\" data-element_type=\"widget\" data-widget_type=\"button.default\">\n\t\t\t\t<div class=\"elementor-widget-container\">\n\t\t\t\t\t<div class=\"elementor-button-wrapper\">\n\t\t\t<a href=\"http:\/\/solution-cashless.com\/index.php\/la-rentabilite\/#\" class=\"elementor-button-link elementor-button elementor-size-sm\" role=\"button\">\n\t\t\t\t\t\t<span class=\"elementor-button-content-wrapper\">\n\t\t\t\t\t\t<span class=\"elementor-button-text\">En savoir plus<\/span>\n\t\t<\/span>\n\t\t\t\t\t<\/a>\n\t\t<\/div>\n\t\t\t\t<\/div>\n\t\t\t\t<\/div>\n\t\t\t\t\t<\/div>\n\t\t<\/div>\n\t\t\t\t\t\t\t<\/div>\n\t\t<\/section>\n\t\t\t\t<section class=\"elementor-section elementor-top-section elementor-element elementor-element-41f9aed elementor-section-boxed elementor-section-height-default elementor-section-height-default\" data-id=\"41f9aed\" data-element_type=\"section\" data-settings=\"{&quot;background_background&quot;:&quot;classic&quot;}\">\n\t\t\t\t\t\t\t<div class=\"elementor-background-overlay\"><\/div>\n\t\t\t\t\t\t\t<div class=\"elementor-container elementor-column-gap-default\">\n\t\t\t\t\t<div class=\"elementor-column elementor-col-100 elementor-top-column elementor-element elementor-element-674471f\" data-id=\"674471f\" data-element_type=\"column\">\n\t\t\t<div class=\"elementor-widget-wrap elementor-element-populated\">\n\t\t\t\t\t\t\t\t<div class=\"elementor-element elementor-element-c27063c elementor-widget elementor-widget-heading\" data-id=\"c27063c\" data-element_type=\"widget\" data-widget_type=\"heading.default\">\n\t\t\t\t<div class=\"elementor-widget-container\">\n\t\t\t<h4 class=\"elementor-heading-title elementor-size-default\">Une nouvelle fois : la s\u00e9curit\u00e9 avant tout<\/h4>\t\t<\/div>\n\t\t\t\t<\/div>\n\t\t\t\t<div class=\"elementor-element elementor-element-85641a4 elementor-widget elementor-widget-text-editor\" data-id=\"85641a4\" data-element_type=\"widget\" data-widget_type=\"text-editor.default\">\n\t\t\t\t<div class=\"elementor-widget-container\">\n\t\t\t\t\t\t\t<p><!-- wp:paragraph --><\/p><p>Pour les \u00e9v\u00e9nements comme pour les prestataires cashless, un malentendu entre les prestataires, vendeurs et organisateurs pourrait effectivement s&#8217;av\u00e9rer \u00eatre un probl\u00e8me, surtout sachant qu&#8217;il s&#8217;agit de sommes d&#8217;argent parfois importantes.\u00a0<\/p><p><!-- \/wp:paragraph --> <!-- wp:paragraph --><\/p><p>Les prestataires cashless l&#8217;ont bien compris et, quelque soit le choix de soci\u00e9t\u00e9 \u00e0 laquelle l&#8217;organisateur fait appel, ils s&#8217;assureront de la r\u00e9ussite de votre \u00e9v\u00e9nement, car en d\u00e9coule logiquement la r\u00e9ussite de leur compagnie. Contactez les diff\u00e9rents prestataires et posez leur toutes vos questions. Ils se feront une joie de vous rassurer concernant vos probl\u00e9matiques.<\/p>\t\t\t\t\t\t<\/div>\n\t\t\t\t<\/div>\n\t\t\t\t<div class=\"elementor-element elementor-element-40e791e elementor-widget elementor-widget-text-editor\" data-id=\"40e791e\" data-element_type=\"widget\" data-widget_type=\"text-editor.default\">\n\t\t\t\t<div class=\"elementor-widget-container\">\n\t\t\t\t\t\t\t<p>Pour obtenir plus d&#8217;informations, n&#8217;h\u00e9sitez pas \u00e0 lire notre article concernant le cashless en France et son \u00e9volution.<\/p>\t\t\t\t\t\t<\/div>\n\t\t\t\t<\/div>\n\t\t\t\t<div class=\"elementor-element elementor-element-0307afd elementor-align-center elementor-widget elementor-widget-button\" data-id=\"0307afd\" data-element_type=\"widget\" data-widget_type=\"button.default\">\n\t\t\t\t<div class=\"elementor-widget-container\">\n\t\t\t\t\t<div class=\"elementor-button-wrapper\">\n\t\t\t<a href=\"#\" class=\"elementor-button-link elementor-button elementor-size-sm\" role=\"button\">\n\t\t\t\t\t\t<span class=\"elementor-button-content-wrapper\">\n\t\t\t\t\t\t<span class=\"elementor-button-text\">En savoir plus<\/span>\n\t\t<\/span>\n\t\t\t\t\t<\/a>\n\t\t<\/div>\n\t\t\t\t<\/div>\n\t\t\t\t<\/div>\n\t\t\t\t\t<\/div>\n\t\t<\/div>\n\t\t\t\t\t\t\t<\/div>\n\t\t<\/section>\n\t\t\t\t\t\t<\/div>\n\t\t\t\t\t<\/div>\n\t\t","protected":false},"excerpt":{"rendered":"<p>La centralisation des recettes Il est important de rassurer les organisateurs quant \u00e0 l&#8217;utilisation d&#8217;une solution cashless. Rappelons d&#8217;abord que ce syst\u00e8me, de plus en plus utilis\u00e9 par les organisateurs en France et \u00e0 l&#8217;International, est une solution de paiement d\u00e9mat\u00e9rialis\u00e9e. De fait, les \u00e9v\u00e9nements mettent peu \u00e0 peu de c\u00f4t\u00e9 le paiement en esp\u00e8ces, [&hellip;]<\/p>\n","protected":false},"author":1,"featured_media":143,"parent":0,"menu_order":0,"comment_status":"closed","ping_status":"closed","template":"elementor_header_footer","meta":[],"yoast_head":"<!-- This site is optimized with the Yoast SEO plugin v17.0 - https:\/\/yoast.com\/wordpress\/plugins\/seo\/ -->\n<title>Le cashless et la centralisation des recettes\u23a5Solution-Cashless<\/title>\n<meta name=\"description\" content=\"Le cashless est une solution de paiement d\u00e9mat\u00e9rialis\u00e9e qui centralise les recettes sur un seul syst\u00e8me. Mais qu&#039;est-ce que \u00e7a veut dire ?\" \/>\n<meta name=\"robots\" content=\"index, follow, max-snippet:-1, max-image-preview:large, max-video-preview:-1\" \/>\n<link rel=\"canonical\" href=\"https:\/\/solution-cashless.com\/index.php\/la-centralisation-des-recettes\/\" \/>\n<meta property=\"og:locale\" content=\"en_US\" \/>\n<meta property=\"og:type\" content=\"article\" \/>\n<meta property=\"og:title\" content=\"Le cashless et la centralisation des recettes\u23a5Solution-Cashless\" \/>\n<meta property=\"og:description\" content=\"Le cashless est une solution de paiement d\u00e9mat\u00e9rialis\u00e9e qui centralise les recettes sur un seul syst\u00e8me. Mais qu&#039;est-ce que \u00e7a veut dire ?\" \/>\n<meta property=\"og:url\" content=\"https:\/\/solution-cashless.com\/index.php\/la-centralisation-des-recettes\/\" \/>\n<meta property=\"og:site_name\" content=\"Solution cashless\" \/>\n<meta property=\"article:modified_time\" content=\"2021-09-02T10:01:14+00:00\" \/>\n<meta property=\"og:image\" content=\"http:\/\/solution-cashless.com\/wp-content\/uploads\/2021\/08\/cashless-3924095-1024x602.png\" \/>\n\t<meta property=\"og:image:width\" content=\"1024\" \/>\n\t<meta property=\"og:image:height\" content=\"602\" \/>\n<meta name=\"twitter:card\" content=\"summary_large_image\" \/>\n<meta name=\"twitter:label1\" content=\"Est. reading time\" \/>\n\t<meta name=\"twitter:data1\" content=\"2 minutes\" \/>\n<script type=\"application\/ld+json\" class=\"yoast-schema-graph\">{\"@context\":\"https:\/\/schema.org\",\"@graph\":[{\"@type\":\"WebSite\",\"@id\":\"https:\/\/solution-cashless.com\/#website\",\"url\":\"https:\/\/solution-cashless.com\/\",\"name\":\"Solution cashless\",\"description\":\"Tout savoir sur le cashless et ses applications en France\",\"potentialAction\":[{\"@type\":\"SearchAction\",\"target\":{\"@type\":\"EntryPoint\",\"urlTemplate\":\"https:\/\/solution-cashless.com\/?s={search_term_string}\"},\"query-input\":\"required name=search_term_string\"}],\"inLanguage\":\"en-US\"},{\"@type\":\"ImageObject\",\"@id\":\"https:\/\/solution-cashless.com\/index.php\/la-centralisation-des-recettes\/#primaryimage\",\"inLanguage\":\"en-US\",\"url\":\"https:\/\/solution-cashless.com\/wp-content\/uploads\/2021\/08\/cashless-3924095.png\",\"contentUrl\":\"https:\/\/solution-cashless.com\/wp-content\/uploads\/2021\/08\/cashless-3924095.png\",\"width\":4000,\"height\":2352},{\"@type\":\"WebPage\",\"@id\":\"https:\/\/solution-cashless.com\/index.php\/la-centralisation-des-recettes\/#webpage\",\"url\":\"https:\/\/solution-cashless.com\/index.php\/la-centralisation-des-recettes\/\",\"name\":\"Le cashless et la centralisation des recettes\\u23a5Solution-Cashless\",\"isPartOf\":{\"@id\":\"https:\/\/solution-cashless.com\/#website\"},\"primaryImageOfPage\":{\"@id\":\"https:\/\/solution-cashless.com\/index.php\/la-centralisation-des-recettes\/#primaryimage\"},\"datePublished\":\"2021-08-25T13:24:45+00:00\",\"dateModified\":\"2021-09-02T10:01:14+00:00\",\"description\":\"Le cashless est une solution de paiement d\\u00e9mat\\u00e9rialis\\u00e9e qui centralise les recettes sur un seul syst\\u00e8me. Mais qu'est-ce que \\u00e7a veut dire ?\",\"breadcrumb\":{\"@id\":\"https:\/\/solution-cashless.com\/index.php\/la-centralisation-des-recettes\/#breadcrumb\"},\"inLanguage\":\"en-US\",\"potentialAction\":[{\"@type\":\"ReadAction\",\"target\":[\"https:\/\/solution-cashless.com\/index.php\/la-centralisation-des-recettes\/\"]}]},{\"@type\":\"BreadcrumbList\",\"@id\":\"https:\/\/solution-cashless.com\/index.php\/la-centralisation-des-recettes\/#breadcrumb\",\"itemListElement\":[{\"@type\":\"ListItem\",\"position\":1,\"name\":\"Accueil\",\"item\":\"https:\/\/solution-cashless.com\/\"},{\"@type\":\"ListItem\",\"position\":2,\"name\":\"La centralisation des recettes\"}]}]}<\/script>\n<!-- \/ Yoast SEO plugin. -->","yoast_head_json":{"title":"Le cashless et la centralisation des recettes\u23a5Solution-Cashless","description":"Le cashless est une solution de paiement d\u00e9mat\u00e9rialis\u00e9e qui centralise les recettes sur un seul syst\u00e8me. Mais qu'est-ce que \u00e7a veut dire ?","robots":{"index":"index","follow":"follow","max-snippet":"max-snippet:-1","max-image-preview":"max-image-preview:large","max-video-preview":"max-video-preview:-1"},"canonical":"https:\/\/solution-cashless.com\/index.php\/la-centralisation-des-recettes\/","og_locale":"en_US","og_type":"article","og_title":"Le cashless et la centralisation des recettes\u23a5Solution-Cashless","og_description":"Le cashless est une solution de paiement d\u00e9mat\u00e9rialis\u00e9e qui centralise les recettes sur un seul syst\u00e8me. Mais qu'est-ce que \u00e7a veut dire ?","og_url":"https:\/\/solution-cashless.com\/index.php\/la-centralisation-des-recettes\/","og_site_name":"Solution cashless","article_modified_time":"2021-09-02T10:01:14+00:00","og_image":[{"width":1024,"height":602,"path":"2021\/08\/cashless-3924095-1024x602.png","url":"http:\/\/solution-cashless.com\/wp-content\/uploads\/2021\/08\/cashless-3924095-1024x602.png","size":"large","id":143,"alt":"","pixels":616448,"type":"image\/png"}],"twitter_card":"summary_large_image","twitter_misc":{"Est. reading time":"2 minutes"},"schema":{"@context":"https:\/\/schema.org","@graph":[{"@type":"WebSite","@id":"https:\/\/solution-cashless.com\/#website","url":"https:\/\/solution-cashless.com\/","name":"Solution cashless","description":"Tout savoir sur le cashless et ses applications en France","potentialAction":[{"@type":"SearchAction","target":{"@type":"EntryPoint","urlTemplate":"https:\/\/solution-cashless.com\/?s={search_term_string}"},"query-input":"required name=search_term_string"}],"inLanguage":"en-US"},{"@type":"ImageObject","@id":"https:\/\/solution-cashless.com\/index.php\/la-centralisation-des-recettes\/#primaryimage","inLanguage":"en-US","url":"https:\/\/solution-cashless.com\/wp-content\/uploads\/2021\/08\/cashless-3924095.png","contentUrl":"https:\/\/solution-cashless.com\/wp-content\/uploads\/2021\/08\/cashless-3924095.png","width":4000,"height":2352},{"@type":"WebPage","@id":"https:\/\/solution-cashless.com\/index.php\/la-centralisation-des-recettes\/#webpage","url":"https:\/\/solution-cashless.com\/index.php\/la-centralisation-des-recettes\/","name":"Le cashless et la centralisation des recettes\u23a5Solution-Cashless","isPartOf":{"@id":"https:\/\/solution-cashless.com\/#website"},"primaryImageOfPage":{"@id":"https:\/\/solution-cashless.com\/index.php\/la-centralisation-des-recettes\/#primaryimage"},"datePublished":"2021-08-25T13:24:45+00:00","dateModified":"2021-09-02T10:01:14+00:00","description":"Le cashless est une solution de paiement d\u00e9mat\u00e9rialis\u00e9e qui centralise les recettes sur un seul syst\u00e8me. Mais qu'est-ce que \u00e7a veut dire ?","breadcrumb":{"@id":"https:\/\/solution-cashless.com\/index.php\/la-centralisation-des-recettes\/#breadcrumb"},"inLanguage":"en-US","potentialAction":[{"@type":"ReadAction","target":["https:\/\/solution-cashless.com\/index.php\/la-centralisation-des-recettes\/"]}]},{"@type":"BreadcrumbList","@id":"https:\/\/solution-cashless.com\/index.php\/la-centralisation-des-recettes\/#breadcrumb","itemListElement":[{"@type":"ListItem","position":1,"name":"Accueil","item":"https:\/\/solution-cashless.com\/"},{"@type":"ListItem","position":2,"name":"La centralisation des recettes"}]}]}},"_links":{"self":[{"href":"https:\/\/solution-cashless.com\/index.php\/wp-json\/wp\/v2\/pages\/266"}],"collection":[{"href":"https:\/\/solution-cashless.com\/index.php\/wp-json\/wp\/v2\/pages"}],"about":[{"href":"https:\/\/solution-cashless.com\/index.php\/wp-json\/wp\/v2\/types\/page"}],"author":[{"embeddable":true,"href":"https:\/\/solution-cashless.com\/index.php\/wp-json\/wp\/v2\/users\/1"}],"replies":[{"embeddable":true,"href":"https:\/\/solution-cashless.com\/index.php\/wp-json\/wp\/v2\/comments?post=266"}],"version-history":[{"count":40,"href":"https:\/\/solution-cashless.com\/index.php\/wp-json\/wp\/v2\/pages\/266\/revisions"}],"predecessor-version":[{"id":908,"href":"https:\/\/solution-cashless.com\/index.php\/wp-json\/wp\/v2\/pages\/266\/revisions\/908"}],"wp:featuredmedia":[{"embeddable":true,"href":"https:\/\/solution-cashless.com\/index.php\/wp-json\/wp\/v2\/media\/143"}],"wp:attachment":[{"href":"https:\/\/solution-cashless.com\/index.php\/wp-json\/wp\/v2\/media?parent=266"}],"curies":[{"name":"wp","href":"https:\/\/api.w.org\/{rel}","templated":true}]}}