{"id":335,"date":"2021-08-25T16:37:17","date_gmt":"2021-08-25T14:37:17","guid":{"rendered":"http:\/\/solution-cashless.com\/?page_id=335"},"modified":"2021-09-02T12:02:30","modified_gmt":"2021-09-02T10:02:30","slug":"rentabilite-du-cashless","status":"publish","type":"page","link":"https:\/\/solution-cashless.com\/index.php\/rentabilite-du-cashless\/","title":{"rendered":"La rentabilit\u00e9 du cashless"},"content":{"rendered":"\t\t<div data-elementor-type=\"wp-page\" data-elementor-id=\"335\" class=\"elementor elementor-335\" data-elementor-settings=\"[]\">\n\t\t\t\t\t\t\t<div class=\"elementor-section-wrap\">\n\t\t\t\t\t\t\t<section class=\"elementor-section elementor-top-section elementor-element elementor-element-8c9a9f3 elementor-section-full_width elementor-section-content-middle elementor-section-stretched elementor-section-height-full elementor-section-height-default elementor-section-items-middle\" data-id=\"8c9a9f3\" data-element_type=\"section\" data-settings=\"{&quot;stretch_section&quot;:&quot;section-stretched&quot;,&quot;background_background&quot;:&quot;classic&quot;}\">\n\t\t\t\t\t\t\t<div class=\"elementor-background-overlay\"><\/div>\n\t\t\t\t\t\t\t<div class=\"elementor-container elementor-column-gap-default\">\n\t\t\t\t\t<div class=\"elementor-column elementor-col-100 elementor-top-column elementor-element elementor-element-2ae18f5\" data-id=\"2ae18f5\" data-element_type=\"column\">\n\t\t\t<div class=\"elementor-widget-wrap elementor-element-populated\">\n\t\t\t\t\t\t\t\t<div class=\"elementor-element elementor-element-930db6a elementor-widget elementor-widget-heading\" data-id=\"930db6a\" data-element_type=\"widget\" data-widget_type=\"heading.default\">\n\t\t\t\t<div class=\"elementor-widget-container\">\n\t\t\t<h6 class=\"elementor-heading-title elementor-size-default\">La rentabilit\u00e9<\/h6>\t\t<\/div>\n\t\t\t\t<\/div>\n\t\t\t\t<div class=\"elementor-element elementor-element-7faa1ed9 elementor-widget elementor-widget-heading\" data-id=\"7faa1ed9\" data-element_type=\"widget\" data-widget_type=\"heading.default\">\n\t\t\t\t<div class=\"elementor-widget-container\">\n\t\t\t<p class=\"elementor-heading-title elementor-size-large\">En dehors de la th\u00e9matique de la s\u00e9curit\u00e9 de l\u2019utilisation d\u2019une solution cashless, une autre question taraude les esprits des organisateurs qui h\u00e9sitent encore \u00e0 passer le cap. <br><br>Beaucoup se questionnent sur la rentabilit\u00e9 de la solution. Au fond, c\u2019est un investissement dont on peut se passer. <br><br>Les organisateurs ont-ils beaucoup \u00e0 y gagner ?<\/p>\t\t<\/div>\n\t\t\t\t<\/div>\n\t\t\t\t<div class=\"elementor-element elementor-element-f0f3f3b elementor-align-center elementor-widget elementor-widget-button\" data-id=\"f0f3f3b\" data-element_type=\"widget\" data-widget_type=\"button.default\">\n\t\t\t\t<div class=\"elementor-widget-container\">\n\t\t\t\t\t<div class=\"elementor-button-wrapper\">\n\t\t\t<a href=\"http:\/\/solution-cashless.com\/index.php\/histoire-du-cashless\/\" class=\"elementor-button-link elementor-button elementor-size-sm\" role=\"button\">\n\t\t\t\t\t\t<span class=\"elementor-button-content-wrapper\">\n\t\t\t\t\t\t<span class=\"elementor-button-text\">D\u00e9couvrez l'histoire du cashless<\/span>\n\t\t<\/span>\n\t\t\t\t\t<\/a>\n\t\t<\/div>\n\t\t\t\t<\/div>\n\t\t\t\t<\/div>\n\t\t\t\t\t<\/div>\n\t\t<\/div>\n\t\t\t\t\t\t\t<\/div>\n\t\t<\/section>\n\t\t\t\t<section class=\"elementor-section elementor-top-section elementor-element elementor-element-7e18d49 elementor-section-boxed elementor-section-height-default elementor-section-height-default\" data-id=\"7e18d49\" data-element_type=\"section\" data-settings=\"{&quot;background_background&quot;:&quot;classic&quot;}\">\n\t\t\t\t\t\t<div class=\"elementor-container elementor-column-gap-default\">\n\t\t\t\t\t<div class=\"elementor-column elementor-col-100 elementor-top-column elementor-element elementor-element-7013f86\" data-id=\"7013f86\" data-element_type=\"column\">\n\t\t\t<div class=\"elementor-widget-wrap elementor-element-populated\">\n\t\t\t\t\t\t\t\t<div class=\"elementor-element elementor-element-8b8568f elementor-widget elementor-widget-heading\" data-id=\"8b8568f\" data-element_type=\"widget\" data-widget_type=\"heading.default\">\n\t\t\t\t<div class=\"elementor-widget-container\">\n\t\t\t<h6 class=\"elementor-heading-title elementor-size-default\">L'argument phare : la rapidit\u00e9<\/h6>\t\t<\/div>\n\t\t\t\t<\/div>\n\t\t\t\t<div class=\"elementor-element elementor-element-f94c259 elementor-widget-divider--view-line elementor-widget elementor-widget-divider\" data-id=\"f94c259\" data-element_type=\"widget\" data-widget_type=\"divider.default\">\n\t\t\t\t<div class=\"elementor-widget-container\">\n\t\t\t\t\t<div class=\"elementor-divider\">\n\t\t\t<span class=\"elementor-divider-separator\">\n\t\t\t\t\t\t<\/span>\n\t\t<\/div>\n\t\t\t\t<\/div>\n\t\t\t\t<\/div>\n\t\t\t\t<div class=\"elementor-element elementor-element-d591044 elementor-widget elementor-widget-text-editor\" data-id=\"d591044\" data-element_type=\"widget\" data-widget_type=\"text-editor.default\">\n\t\t\t\t<div class=\"elementor-widget-container\">\n\t\t\t\t\t\t\t<p>Le cashless offre l\u2019avantage d\u2019\u00eatre une solution de paiement rapide. En clair, finis les moments o\u00f9 le festivalier calcule ses esp\u00e8ces et que le vendeur perd du temps \u00e0 rendre la monnaie. En quelques clics sur un terminal, le tour est jou\u00e9. La somme \u00e0 payer appara\u00eet sur l\u2019\u00e9cran, et le visiteur n\u2019a plus qu\u2019\u00e0 tendre son bracelet et sa carte. En ce sens, tous les fournisseurs de cashless notent une\u00a0<strong>augmentation de la consommation<\/strong>\u00a0et donc des recettes.<\/p><p>Cette rapidit\u00e9 est d\u2019ailleurs comparable \u00e0 celle de la carte bleue : il faut moins d\u2019une seconde pour que la transaction soit valid\u00e9e par le terminal de l\u2019op\u00e9rateur et que le solde restant apparaisse. Le temps moyen est donc plus rapide que lors d\u2019un achat par carte bancaire avec ou sans contact.<\/p>\t\t\t\t\t\t<\/div>\n\t\t\t\t<\/div>\n\t\t\t\t\t<\/div>\n\t\t<\/div>\n\t\t\t\t\t\t\t<\/div>\n\t\t<\/section>\n\t\t\t\t<section class=\"elementor-section elementor-top-section elementor-element elementor-element-e063fe6 elementor-section-boxed elementor-section-height-default elementor-section-height-default\" data-id=\"e063fe6\" data-element_type=\"section\">\n\t\t\t\t\t\t<div class=\"elementor-container elementor-column-gap-default\">\n\t\t\t\t\t<div class=\"elementor-column elementor-col-50 elementor-top-column elementor-element elementor-element-7a5e830\" data-id=\"7a5e830\" data-element_type=\"column\">\n\t\t\t<div class=\"elementor-widget-wrap elementor-element-populated\">\n\t\t\t\t\t\t\t\t<div class=\"elementor-element elementor-element-d23ca44 elementor-widget elementor-widget-heading\" data-id=\"d23ca44\" data-element_type=\"widget\" data-widget_type=\"heading.default\">\n\t\t\t\t<div class=\"elementor-widget-container\">\n\t\t\t<h6 class=\"elementor-heading-title elementor-size-default\">Des visiteurs satisfaits<\/h6>\t\t<\/div>\n\t\t\t\t<\/div>\n\t\t\t\t<div class=\"elementor-element elementor-element-9c05900 elementor-widget-divider--view-line elementor-widget elementor-widget-divider\" data-id=\"9c05900\" data-element_type=\"widget\" data-widget_type=\"divider.default\">\n\t\t\t\t<div class=\"elementor-widget-container\">\n\t\t\t\t\t<div class=\"elementor-divider\">\n\t\t\t<span class=\"elementor-divider-separator\">\n\t\t\t\t\t\t<\/span>\n\t\t<\/div>\n\t\t\t\t<\/div>\n\t\t\t\t<\/div>\n\t\t\t\t<div class=\"elementor-element elementor-element-5967947 elementor-widget elementor-widget-text-editor\" data-id=\"5967947\" data-element_type=\"widget\" data-widget_type=\"text-editor.default\">\n\t\t\t\t<div class=\"elementor-widget-container\">\n\t\t\t\t\t\t\t<p>De cette rapidit\u00e9 d\u00e9coule une satisfaction visiteur g\u00e9n\u00e9rale. Lors des premi\u00e8res ann\u00e9es du cashless, les d\u00e9fauts techniques avaient certes effray\u00e9.&nbsp;<\/p>\n<p>Ces derniers ont \u00e9t\u00e9 r\u00e9gl\u00e9s pour la plupart chez tous les prestataires. Aujourd&#8217;hui, les plaintes concernant les paiements via une solution cashless sont tr\u00e8s rares.&nbsp;<\/p>\n<p>Les participants n\u2019ont aucun probl\u00e8me, et commandent\u2026 parfois sans regarder \u00e0 la d\u00e9pense.<\/p>\t\t\t\t\t\t<\/div>\n\t\t\t\t<\/div>\n\t\t\t\t\t<\/div>\n\t\t<\/div>\n\t\t\t\t<div class=\"elementor-column elementor-col-50 elementor-top-column elementor-element elementor-element-100a391\" data-id=\"100a391\" data-element_type=\"column\">\n\t\t\t<div class=\"elementor-widget-wrap elementor-element-populated\">\n\t\t\t\t\t\t\t\t<div class=\"elementor-element elementor-element-3b39bea elementor-widget elementor-widget-image\" data-id=\"3b39bea\" data-element_type=\"widget\" data-widget_type=\"image.default\">\n\t\t\t\t<div class=\"elementor-widget-container\">\n\t\t\t\t\t\t\t\t\t\t\t\t\t\t\t<img width=\"2560\" height=\"1707\" src=\"https:\/\/solution-cashless.com\/wp-content\/uploads\/2021\/08\/pexels-wendy-wei-1540338-scaled.jpg\" class=\"attachment-full size-full\" alt=\"\" loading=\"lazy\" srcset=\"https:\/\/solution-cashless.com\/wp-content\/uploads\/2021\/08\/pexels-wendy-wei-1540338-scaled.jpg 2560w, https:\/\/solution-cashless.com\/wp-content\/uploads\/2021\/08\/pexels-wendy-wei-1540338-300x200.jpg 300w, https:\/\/solution-cashless.com\/wp-content\/uploads\/2021\/08\/pexels-wendy-wei-1540338-1024x683.jpg 1024w, https:\/\/solution-cashless.com\/wp-content\/uploads\/2021\/08\/pexels-wendy-wei-1540338-768x512.jpg 768w, https:\/\/solution-cashless.com\/wp-content\/uploads\/2021\/08\/pexels-wendy-wei-1540338-1536x1024.jpg 1536w, https:\/\/solution-cashless.com\/wp-content\/uploads\/2021\/08\/pexels-wendy-wei-1540338-2048x1365.jpg 2048w, https:\/\/solution-cashless.com\/wp-content\/uploads\/2021\/08\/pexels-wendy-wei-1540338-1200x800.jpg 1200w, https:\/\/solution-cashless.com\/wp-content\/uploads\/2021\/08\/pexels-wendy-wei-1540338-1980x1320.jpg 1980w\" sizes=\"(max-width: 2560px) 100vw, 2560px\" \/>\t\t\t\t\t\t\t\t\t\t\t\t\t\t\t<\/div>\n\t\t\t\t<\/div>\n\t\t\t\t\t<\/div>\n\t\t<\/div>\n\t\t\t\t\t\t\t<\/div>\n\t\t<\/section>\n\t\t\t\t<section class=\"elementor-section elementor-top-section elementor-element elementor-element-2b6c774 elementor-section-boxed elementor-section-height-default elementor-section-height-default\" data-id=\"2b6c774\" data-element_type=\"section\" data-settings=\"{&quot;background_background&quot;:&quot;classic&quot;}\">\n\t\t\t\t\t\t<div class=\"elementor-container elementor-column-gap-default\">\n\t\t\t\t\t<div class=\"elementor-column elementor-col-100 elementor-top-column elementor-element elementor-element-5e6188f\" data-id=\"5e6188f\" data-element_type=\"column\">\n\t\t\t<div class=\"elementor-widget-wrap elementor-element-populated\">\n\t\t\t\t\t\t\t\t<div class=\"elementor-element elementor-element-a317e5a elementor-widget elementor-widget-heading\" data-id=\"a317e5a\" data-element_type=\"widget\" data-widget_type=\"heading.default\">\n\t\t\t\t<div class=\"elementor-widget-container\">\n\t\t\t<h6 class=\"elementor-heading-title elementor-size-default\">Les solutions sont souvent auto-financ\u00e9es<\/h6>\t\t<\/div>\n\t\t\t\t<\/div>\n\t\t\t\t<div class=\"elementor-element elementor-element-b1f5056 elementor-widget-divider--view-line elementor-widget elementor-widget-divider\" data-id=\"b1f5056\" data-element_type=\"widget\" data-widget_type=\"divider.default\">\n\t\t\t\t<div class=\"elementor-widget-container\">\n\t\t\t\t\t<div class=\"elementor-divider\">\n\t\t\t<span class=\"elementor-divider-separator\">\n\t\t\t\t\t\t<\/span>\n\t\t<\/div>\n\t\t\t\t<\/div>\n\t\t\t\t<\/div>\n\t\t\t\t<div class=\"elementor-element elementor-element-e13fee3 elementor-widget elementor-widget-text-editor\" data-id=\"e13fee3\" data-element_type=\"widget\" data-widget_type=\"text-editor.default\">\n\t\t\t\t<div class=\"elementor-widget-container\">\n\t\t\t\t\t\t\t<p>Vous avez d\u00e9j\u00e0 entendu parler des frais d\u2019activation. Il s\u2019agit en fait d\u2019une mani\u00e8re pour le participant de participer au financement du syst\u00e8me cashless. Les organisateurs sont libres de demander (ou non) des frais d\u2019activation, g\u00e9n\u00e9ralement propos\u00e9s \u00e0 un euro. De nouveau, rares sont les plaintes qui en d\u00e9coulent.\u00a0<\/p>\n<p>Sachant que certains festivaliers rechargent leur dispositif cashless avant l\u2019\u00e9v\u00e9nement, il est possible pour les organisateurs de s\u2019approcher d\u2019une premi\u00e8re forme de rentabilit\u00e9 avant m\u00eame l\u2019ouverture des portes, gr\u00e2ce \u00e0 cette id\u00e9e d\u2019activation des puces.\u00a0<\/p>\n<p>En parlant de rechargement en amont : il s\u2019agit du cr\u00e9dit que les festivaliers utiliseront plus tard : cet argent serait revenu de facto au festival. Partez du principe que le participant paie sa bi\u00e8re ou son hot dog des mois avant de r\u00e9ellement consommer, et donc que l\u2019argent revient \u00e0 qui de droit !<\/p>\t\t\t\t\t\t<\/div>\n\t\t\t\t<\/div>\n\t\t\t\t\t<\/div>\n\t\t<\/div>\n\t\t\t\t\t\t\t<\/div>\n\t\t<\/section>\n\t\t\t\t<section class=\"elementor-section elementor-top-section elementor-element elementor-element-70ca2fe elementor-section-boxed elementor-section-height-default elementor-section-height-default\" data-id=\"70ca2fe\" data-element_type=\"section\">\n\t\t\t\t\t\t<div class=\"elementor-container elementor-column-gap-default\">\n\t\t\t\t\t<div class=\"elementor-column elementor-col-100 elementor-top-column elementor-element elementor-element-73b3ab4\" data-id=\"73b3ab4\" data-element_type=\"column\">\n\t\t\t<div class=\"elementor-widget-wrap elementor-element-populated\">\n\t\t\t\t\t\t\t\t<div class=\"elementor-element elementor-element-df310c3 elementor-widget elementor-widget-heading\" data-id=\"df310c3\" data-element_type=\"widget\" data-widget_type=\"heading.default\">\n\t\t\t\t<div class=\"elementor-widget-container\">\n\t\t\t<h6 class=\"elementor-heading-title elementor-size-default\">\u00c0 la fin du festival, qui du cr\u00e9dit restant ?<\/h6>\t\t<\/div>\n\t\t\t\t<\/div>\n\t\t\t\t<div class=\"elementor-element elementor-element-96b217d elementor-widget elementor-widget-text-editor\" data-id=\"96b217d\" data-element_type=\"widget\" data-widget_type=\"text-editor.default\">\n\t\t\t\t<div class=\"elementor-widget-container\">\n\t\t\t\t\t\t\t<p>De nouveau, tout est au bon vouloir de l\u2019organisateur. La plupart proposent un syst\u00e8me de remboursement \u00e0 dur\u00e9e limit\u00e9e : il est possible de demander \u00e0 \u00eatre rembours\u00e9 du cr\u00e9dit restant quelques apr\u00e8s la fin du festival, et pendant quelques semaines.<\/p>\n<p>C\u2019est l\u2019organisateur qui d\u00e9cide de ces dates. Il peut aussi choisir de limiter le remboursement \u00e0 certaines sommes. Par exemple : \u00ab\u00a0pour \u00eatre rembours\u00e9, vous devez avoir sur votre bracelet au moins deux euros\u00a0\u00bb. Certains d\u00e9cident m\u00eame d\u2019ajouter des frais de remboursement de quelques centimes.\u00a0<\/p>\n<p>Cet argent est une autre possibilit\u00e9 pour l\u2019\u00e9v\u00e9nement de se rentabiliser d\u2019une mani\u00e8re impossible avec d\u2019autres solutions de paiement.<\/p>\t\t\t\t\t\t<\/div>\n\t\t\t\t<\/div>\n\t\t\t\t\t<\/div>\n\t\t<\/div>\n\t\t\t\t\t\t\t<\/div>\n\t\t<\/section>\n\t\t\t\t\t\t<\/div>\n\t\t\t\t\t<\/div>\n\t\t","protected":false},"excerpt":{"rendered":"<p>La rentabilit\u00e9 En dehors de la th\u00e9matique de la s\u00e9curit\u00e9 de l\u2019utilisation d\u2019une solution cashless, une autre question taraude les esprits des organisateurs qui h\u00e9sitent encore \u00e0 passer le cap. Beaucoup se questionnent sur la rentabilit\u00e9 de la solution. Au fond, c\u2019est un investissement dont on peut se passer. Les organisateurs ont-ils beaucoup \u00e0 y [&hellip;]<\/p>\n","protected":false},"author":1,"featured_media":143,"parent":0,"menu_order":0,"comment_status":"closed","ping_status":"closed","template":"elementor_header_footer","meta":[],"yoast_head":"<!-- This site is optimized with the Yoast SEO plugin v17.0 - https:\/\/yoast.com\/wordpress\/plugins\/seo\/ -->\n<title>La rentabilit\u00e9 du cashless en France\u23a5Solution Cashless<\/title>\n<meta name=\"description\" content=\"Beaucoup se questionnent sur la rentabilit\u00e9 du syst\u00e8me cashless. Les organisateurs ont-ils beaucoup \u00e0 y gagner ?\u200b\" \/>\n<meta name=\"robots\" content=\"index, follow, max-snippet:-1, max-image-preview:large, max-video-preview:-1\" \/>\n<link rel=\"canonical\" href=\"https:\/\/solution-cashless.com\/index.php\/rentabilite-du-cashless\/\" \/>\n<meta property=\"og:locale\" content=\"en_US\" \/>\n<meta property=\"og:type\" content=\"article\" \/>\n<meta property=\"og:title\" content=\"La rentabilit\u00e9 du cashless en France\u23a5Solution Cashless\" \/>\n<meta property=\"og:description\" content=\"Beaucoup se questionnent sur la rentabilit\u00e9 du syst\u00e8me cashless. Les organisateurs ont-ils beaucoup \u00e0 y gagner ?\u200b\" \/>\n<meta property=\"og:url\" content=\"https:\/\/solution-cashless.com\/index.php\/rentabilite-du-cashless\/\" \/>\n<meta property=\"og:site_name\" content=\"Solution cashless\" \/>\n<meta property=\"article:modified_time\" content=\"2021-09-02T10:02:30+00:00\" \/>\n<meta property=\"og:image\" content=\"http:\/\/solution-cashless.com\/wp-content\/uploads\/2021\/08\/cashless-3924095-1024x602.png\" \/>\n\t<meta property=\"og:image:width\" content=\"1024\" \/>\n\t<meta property=\"og:image:height\" content=\"602\" \/>\n<meta name=\"twitter:card\" content=\"summary_large_image\" \/>\n<meta name=\"twitter:label1\" content=\"Est. reading time\" \/>\n\t<meta name=\"twitter:data1\" content=\"3 minutes\" \/>\n<script type=\"application\/ld+json\" class=\"yoast-schema-graph\">{\"@context\":\"https:\/\/schema.org\",\"@graph\":[{\"@type\":\"WebSite\",\"@id\":\"https:\/\/solution-cashless.com\/#website\",\"url\":\"https:\/\/solution-cashless.com\/\",\"name\":\"Solution cashless\",\"description\":\"Tout savoir sur le cashless et ses applications en France\",\"potentialAction\":[{\"@type\":\"SearchAction\",\"target\":{\"@type\":\"EntryPoint\",\"urlTemplate\":\"https:\/\/solution-cashless.com\/?s={search_term_string}\"},\"query-input\":\"required name=search_term_string\"}],\"inLanguage\":\"en-US\"},{\"@type\":\"ImageObject\",\"@id\":\"https:\/\/solution-cashless.com\/index.php\/rentabilite-du-cashless\/#primaryimage\",\"inLanguage\":\"en-US\",\"url\":\"https:\/\/solution-cashless.com\/wp-content\/uploads\/2021\/08\/cashless-3924095.png\",\"contentUrl\":\"https:\/\/solution-cashless.com\/wp-content\/uploads\/2021\/08\/cashless-3924095.png\",\"width\":4000,\"height\":2352},{\"@type\":\"WebPage\",\"@id\":\"https:\/\/solution-cashless.com\/index.php\/rentabilite-du-cashless\/#webpage\",\"url\":\"https:\/\/solution-cashless.com\/index.php\/rentabilite-du-cashless\/\",\"name\":\"La rentabilit\\u00e9 du cashless en France\\u23a5Solution Cashless\",\"isPartOf\":{\"@id\":\"https:\/\/solution-cashless.com\/#website\"},\"primaryImageOfPage\":{\"@id\":\"https:\/\/solution-cashless.com\/index.php\/rentabilite-du-cashless\/#primaryimage\"},\"datePublished\":\"2021-08-25T14:37:17+00:00\",\"dateModified\":\"2021-09-02T10:02:30+00:00\",\"description\":\"Beaucoup se questionnent sur la rentabilit\\u00e9 du syst\\u00e8me cashless. Les organisateurs ont-ils beaucoup \\u00e0 y gagner ?\\u200b\",\"breadcrumb\":{\"@id\":\"https:\/\/solution-cashless.com\/index.php\/rentabilite-du-cashless\/#breadcrumb\"},\"inLanguage\":\"en-US\",\"potentialAction\":[{\"@type\":\"ReadAction\",\"target\":[\"https:\/\/solution-cashless.com\/index.php\/rentabilite-du-cashless\/\"]}]},{\"@type\":\"BreadcrumbList\",\"@id\":\"https:\/\/solution-cashless.com\/index.php\/rentabilite-du-cashless\/#breadcrumb\",\"itemListElement\":[{\"@type\":\"ListItem\",\"position\":1,\"name\":\"Accueil\",\"item\":\"https:\/\/solution-cashless.com\/\"},{\"@type\":\"ListItem\",\"position\":2,\"name\":\"La rentabilit\\u00e9 du cashless\"}]}]}<\/script>\n<!-- \/ Yoast SEO plugin. -->","yoast_head_json":{"title":"La rentabilit\u00e9 du cashless en France\u23a5Solution Cashless","description":"Beaucoup se questionnent sur la rentabilit\u00e9 du syst\u00e8me cashless. Les organisateurs ont-ils beaucoup \u00e0 y gagner ?\u200b","robots":{"index":"index","follow":"follow","max-snippet":"max-snippet:-1","max-image-preview":"max-image-preview:large","max-video-preview":"max-video-preview:-1"},"canonical":"https:\/\/solution-cashless.com\/index.php\/rentabilite-du-cashless\/","og_locale":"en_US","og_type":"article","og_title":"La rentabilit\u00e9 du cashless en France\u23a5Solution Cashless","og_description":"Beaucoup se questionnent sur la rentabilit\u00e9 du syst\u00e8me cashless. Les organisateurs ont-ils beaucoup \u00e0 y gagner ?\u200b","og_url":"https:\/\/solution-cashless.com\/index.php\/rentabilite-du-cashless\/","og_site_name":"Solution cashless","article_modified_time":"2021-09-02T10:02:30+00:00","og_image":[{"width":1024,"height":602,"path":"2021\/08\/cashless-3924095-1024x602.png","url":"http:\/\/solution-cashless.com\/wp-content\/uploads\/2021\/08\/cashless-3924095-1024x602.png","size":"large","id":143,"alt":"","pixels":616448,"type":"image\/png"}],"twitter_card":"summary_large_image","twitter_misc":{"Est. reading time":"3 minutes"},"schema":{"@context":"https:\/\/schema.org","@graph":[{"@type":"WebSite","@id":"https:\/\/solution-cashless.com\/#website","url":"https:\/\/solution-cashless.com\/","name":"Solution cashless","description":"Tout savoir sur le cashless et ses applications en France","potentialAction":[{"@type":"SearchAction","target":{"@type":"EntryPoint","urlTemplate":"https:\/\/solution-cashless.com\/?s={search_term_string}"},"query-input":"required name=search_term_string"}],"inLanguage":"en-US"},{"@type":"ImageObject","@id":"https:\/\/solution-cashless.com\/index.php\/rentabilite-du-cashless\/#primaryimage","inLanguage":"en-US","url":"https:\/\/solution-cashless.com\/wp-content\/uploads\/2021\/08\/cashless-3924095.png","contentUrl":"https:\/\/solution-cashless.com\/wp-content\/uploads\/2021\/08\/cashless-3924095.png","width":4000,"height":2352},{"@type":"WebPage","@id":"https:\/\/solution-cashless.com\/index.php\/rentabilite-du-cashless\/#webpage","url":"https:\/\/solution-cashless.com\/index.php\/rentabilite-du-cashless\/","name":"La rentabilit\u00e9 du cashless en France\u23a5Solution Cashless","isPartOf":{"@id":"https:\/\/solution-cashless.com\/#website"},"primaryImageOfPage":{"@id":"https:\/\/solution-cashless.com\/index.php\/rentabilite-du-cashless\/#primaryimage"},"datePublished":"2021-08-25T14:37:17+00:00","dateModified":"2021-09-02T10:02:30+00:00","description":"Beaucoup se questionnent sur la rentabilit\u00e9 du syst\u00e8me cashless. Les organisateurs ont-ils beaucoup \u00e0 y gagner ?\u200b","breadcrumb":{"@id":"https:\/\/solution-cashless.com\/index.php\/rentabilite-du-cashless\/#breadcrumb"},"inLanguage":"en-US","potentialAction":[{"@type":"ReadAction","target":["https:\/\/solution-cashless.com\/index.php\/rentabilite-du-cashless\/"]}]},{"@type":"BreadcrumbList","@id":"https:\/\/solution-cashless.com\/index.php\/rentabilite-du-cashless\/#breadcrumb","itemListElement":[{"@type":"ListItem","position":1,"name":"Accueil","item":"https:\/\/solution-cashless.com\/"},{"@type":"ListItem","position":2,"name":"La rentabilit\u00e9 du cashless"}]}]}},"_links":{"self":[{"href":"https:\/\/solution-cashless.com\/index.php\/wp-json\/wp\/v2\/pages\/335"}],"collection":[{"href":"https:\/\/solution-cashless.com\/index.php\/wp-json\/wp\/v2\/pages"}],"about":[{"href":"https:\/\/solution-cashless.com\/index.php\/wp-json\/wp\/v2\/types\/page"}],"author":[{"embeddable":true,"href":"https:\/\/solution-cashless.com\/index.php\/wp-json\/wp\/v2\/users\/1"}],"replies":[{"embeddable":true,"href":"https:\/\/solution-cashless.com\/index.php\/wp-json\/wp\/v2\/comments?post=335"}],"version-history":[{"count":35,"href":"https:\/\/solution-cashless.com\/index.php\/wp-json\/wp\/v2\/pages\/335\/revisions"}],"predecessor-version":[{"id":914,"href":"https:\/\/solution-cashless.com\/index.php\/wp-json\/wp\/v2\/pages\/335\/revisions\/914"}],"wp:featuredmedia":[{"embeddable":true,"href":"https:\/\/solution-cashless.com\/index.php\/wp-json\/wp\/v2\/media\/143"}],"wp:attachment":[{"href":"https:\/\/solution-cashless.com\/index.php\/wp-json\/wp\/v2\/media?parent=335"}],"curies":[{"name":"wp","href":"https:\/\/api.w.org\/{rel}","templated":true}]}}